{"id":78,"date":"2023-02-12T12:53:20","date_gmt":"2023-02-12T12:53:20","guid":{"rendered":"http:\/\/beconsulting.es\/?page_id=78"},"modified":"2023-09-23T23:33:08","modified_gmt":"2023-09-23T23:33:08","slug":"politica-privacidad","status":"publish","type":"page","link":"http:\/\/beconsulting.es\/en\/politica-privacidad\/","title":{"rendered":"politica-privacidad"},"content":{"rendered":"<div data-elementor-type=\"wp-page\" data-elementor-id=\"78\" class=\"elementor elementor-78\" data-elementor-post-type=\"page\">\n\t\t\t\t\t\t<section class=\"elementor-section elementor-top-section elementor-element elementor-element-4b9502c elementor-section-stretched elementor-section-boxed elementor-section-height-default elementor-section-height-default\" data-id=\"4b9502c\" data-element_type=\"section\" data-e-type=\"section\" data-settings=\"{&quot;stretch_section&quot;:&quot;section-stretched&quot;}\">\n\t\t\t\t\t\t<div class=\"elementor-container elementor-column-gap-default\">\n\t\t\t\t\t<div class=\"elementor-column elementor-col-100 elementor-top-column elementor-element elementor-element-ec9e36d\" data-id=\"ec9e36d\" data-element_type=\"column\" data-e-type=\"column\">\n\t\t\t<div class=\"elementor-widget-wrap elementor-element-populated\">\n\t\t\t\t\t\t<div class=\"elementor-element elementor-element-a533460 elementor-widget elementor-widget-heading\" data-id=\"a533460\" data-element_type=\"widget\" data-e-type=\"widget\" data-widget_type=\"heading.default\">\n\t\t\t\t<div class=\"elementor-widget-container\">\n\t\t\t\t\t<h3 class=\"elementor-heading-title elementor-size-default\">Pol\u00edtica de privacidad\/Protecci\u00f3n de datos responsable de tratamiento<\/h3>\t\t\t\t<\/div>\n\t\t\t\t<\/div>\n\t\t\t\t\t<\/div>\n\t\t<\/div>\n\t\t\t\t\t<\/div>\n\t\t<\/section>\n\t\t\t\t<section class=\"elementor-section elementor-top-section elementor-element elementor-element-204910d elementor-section-stretched elementor-section-boxed elementor-section-height-default elementor-section-height-default\" data-id=\"204910d\" data-element_type=\"section\" data-e-type=\"section\" data-settings=\"{&quot;stretch_section&quot;:&quot;section-stretched&quot;}\">\n\t\t\t\t\t\t<div class=\"elementor-container elementor-column-gap-default\">\n\t\t\t\t\t<div class=\"elementor-column elementor-col-100 elementor-top-column elementor-element elementor-element-44f78b8\" data-id=\"44f78b8\" data-element_type=\"column\" data-e-type=\"column\">\n\t\t\t<div class=\"elementor-widget-wrap elementor-element-populated\">\n\t\t\t\t\t\t<div class=\"elementor-element elementor-element-abeb2f5 elementor-widget elementor-widget-text-editor\" data-id=\"abeb2f5\" data-element_type=\"widget\" data-e-type=\"widget\" data-widget_type=\"text-editor.default\">\n\t\t\t\t<div class=\"elementor-widget-container\">\n\t\t\t\t\t\t\t\t\t<p><br><\/p>\n<p>En cumplimiento de la normativa de aplicaci\u00f3n en materia de protecci\u00f3n de datos personales, la B\u00c9 GROUP SPAIN (en adelante, la EMPRESA o la Universidad) le informa de que los datos de car\u00e1cter personal proporcionados en los formularios de registro electr\u00f3nico contenidos en este sitio, as\u00ed como aquellos datos a los que la EMPRESA acceda como consecuencia de su navegaci\u00f3n, consulta, solicitud o contrataci\u00f3n, o de cualquier transacci\u00f3n u operaci\u00f3n realizada desde este sitio Web, ser\u00e1n recogidos y tratados en ficheros que cumplan con las exigencias de la legislaci\u00f3n vigente aplicable y cuyo responsable es: Titular: B\u00c9 GROUP SPAIN Direcci\u00f3n: AVDA\/ Holanda 22 6\u00ba8, 03540-ALICANTE Tel: 695846613 Contato: grpd@begroupspain.es NIF: 52.977.340 Z Finalidad La EMPRESA tratar\u00e1 sus datos personales con las finalidades indicadas a continuaci\u00f3n, sobre las que se habr\u00e1 de informar pertinentemente:<\/p>\n<ul>\n<li>Gesti\u00f3n de solicitudes de empleo y, en su caso, inclusi\u00f3n en procesos selectivos de la<\/li>\n<li>Gesti\u00f3n y tramitaci\u00f3n de las solicitudes de personas interesadas en la realizaci\u00f3n de pr\u00e1cticas en calidad de becario en formaci\u00f3n.<\/li>\n<li>Remisi\u00f3n de informaci\u00f3n sobre actividades acad\u00e9micas y formativas de la EMPRESA. La EMPRESA informa de que los tratamientos indicados se encuentran legitimados en la existencia del consentimiento prestado por parte del interesado.<\/li>\n<li>Incorporaci\u00f3n de sus datos para emisi\u00f3n de facturas y presupuestos<\/li>\n<\/ul>\n<p>Cesi\u00f3n de sus datos a la Empresa<\/p>\n<ul>\n<li>HOB ASESORES Y CONSULTORES, S.L. con C.I.F. B-54468285, HOB CONSULTORES DE NEGOCIOS S.L. con C.I.F. B54911177, HOB SERVICIOS JUR\u00cdDICOS S.L. con C.I.F. B54738729, HOB ASESORES MADRID S.L. con C.I.F B-86536232 y HOB FRANQUCIAS, ASESORES, ABOGADOS Y CONSULTORES, S.L. con C.I.F. B-54882857Podr\u00e1 ejercer sus derechos A.R.C.O y dem\u00e1s derechos recogidos en el citado reglamento, acreditando previa y fehacientemente la identidad del peticionario, en la siguiente direcci\u00f3n: Avenida Maisonnave, N\u00ba19, 7\u00ba, C.P. 03003 Alicante o por correo electr\u00f3nico a: info@grupohob.es Si desea obtener m\u00e1s informaci\u00f3n sobre nosotros y nuestra pol\u00edtica de privacidad, acceda a la siguiente web: http:\/\/www.grupohob.es\/politica-de-privacidad<\/li>\n<li>Plazo de conservaci\u00f3n de los datos Los datos personales por Ud. proporcionados ser\u00e1n conservados mientras perdure el consentimiento prestado por usted, exceptuando aquellos casos en los que la EMPRESA est\u00e9 legalmente obligada a su conservaci\u00f3n, en concreto: a. En cuanto a los datos sobre sus estudios en la EMPRESA, indefinidamente b. En cuanto a los pagos por Ud. efectuados, durante el tiempo legalmente fijado en la normativa civil y tributaria de aplicaci\u00f3n.<\/li>\n<li>Consentimiento del Usuario El env\u00edo de datos personales, mediante el uso de los formularios electr\u00f3nicos de esta Web o, en su caso, el env\u00edo de mensajes de correo electr\u00f3nico solicitando informaci\u00f3n o servicios, supone el consentimiento expreso del Usuario al tratamiento automatizado de los datos proporcionados, as\u00ed como al env\u00edo de comunicaciones v\u00eda electr\u00f3nica con informaci\u00f3n acerca de las actividades de la EMPRESA. Por lo tanto, el Usuario consiente expresamente para que los Datos Personales, que proporciona o remite a la EMPRESA, sean incorporados al Fichero de Datos Personales y sean objeto de tratamiento automatizado por parte de la EMPRESA con las finalidades antes indicadas. Comunicaci\u00f3n de los datos Los datos recogidos por la EMPRESA no ser\u00e1n, en principio, cedidos a terceros salvo que se informe expresamente de tal cesi\u00f3n y el titular de los mismos lo autorice. Sin perjuicio de lo anterior, los datos podr\u00e1n ser comunicados cuando legalmente proceda, a:<\/li>\n<li>Las entidades bancarias, a efectos de la gesti\u00f3n de pagos<\/li>\n<li>A la Agencia Tributaria, la Seguridad Social o los Juzgados y Tribunales a requerimiento de estos \u00f3rganos Derechos de los titulares de los datos Ud. podr\u00e1 ejercitar los derechos de acceso, rectificaci\u00f3n, supresi\u00f3n, limitaci\u00f3n, oposici\u00f3n y portabilidad en relaci\u00f3n con sus datos personales y oposici\u00f3n ante la EMPRESA, a trav\u00e9s de su Secretar\u00eda General, Avenida de Holanda 22 6\u00ba8 o mediante correo electr\u00f3nico a la direcci\u00f3n.es, incluyendo copia de su documento de identificaci\u00f3n fiscal<\/li>\n<li>Veracidad de los datos El Usuario garantiza que los datos personales facilitados a la EMPRESA son veraces y se hace responsable de comunicar al mismo cualquier modificaci\u00f3n de los mismos. Seguridad La EMPRESA garantiza que ha adoptado las medidas oportunas de seguridad en sus instalaciones, sistemas y ficheros, as\u00ed como el tratamiento confidencial de los Datos Personales de conformidad con la legislaci\u00f3n vigente aplicable y le informa de que tiene implantadas las medidas de seguridad de \u00edndole t\u00e9cnica y organizativas necesarias para garantizar la seguridad de sus datos de car\u00e1cter personal y evitar su alteraci\u00f3n, p\u00e9rdida y tratamiento y\/o acceso no autorizado, habida cuenta del estado de la tecnolog\u00eda, la naturaleza de los datos almacenados y los riesgos a que est\u00e1n expuestos, ya provengan de la acci\u00f3n humana o del medio f\u00edsico o natural. Bolet\u00edn y comunicaciones electr\u00f3nicas comerciales La EMPRESA pone a disposici\u00f3n de los Usuarios que previamente lo hayan solicitados a trav\u00e9s de formularios de suscripci\u00f3n habilitados al efecto el servicio de env\u00edo de boletines peri\u00f3dicos en el que se incluyen las noticias, actividades e informaciones relacionadas directa o indirectamente con la Universidad. El Usuario podr\u00e1 darse de baja o modificar los datos de suscripci\u00f3n al mencionado bolet\u00edn a trav\u00e9s de los formularios habilitados para ello. En cumplimiento del art\u00edculo 21 de la Ley 34\/2002, de 11 de julio, de Servicios de la Sociedad de la Informaci\u00f3n y Comercio Electr\u00f3nico, por el que se proh\u00edbe el env\u00edo de comunicaciones comerciales por medio de correo electr\u00f3nico que previamente no hayan sido autorizadas expresamente por los destinatarios, informamos de que la aceptaci\u00f3n de estas condiciones de uso y pol\u00edtica de confidencialidad implica la autorizaci\u00f3n expresa para realizar env\u00edos informativos, comerciales, publicitarios y\/o promocionales por este medio cuando exista una direcci\u00f3n de correo facilitada por el usuario. No obstante, si no desea recibir comunicaciones comerciales y\/o institucionales de la Universidad por medio de correo electr\u00f3nico puede solicitar que no se le remitan siguiendo las instrucciones que se indican en cada env\u00edo o bien dirigi\u00e9ndose a la EMPRESA a trav\u00e9s del mail:&nbsp;<a href=\"mailto:grpd@begroupspain.es\">grpd@begroupspain.es<\/a>&nbsp;o por correo ordinario a la direcci\u00f3n de la EMPRESA, Avenida de Holanda 22 6\u00ba8 c.p. 036540 ALICANTE<\/li>\n<li>Informaci\u00f3n sobre el uso de cookies Este sitio Web utiliza cookies, peque\u00f1os ficheros de datos que se generan en el ordenador del Usuario y que nos permiten obtener la siguiente informaci\u00f3n: la fecha y hora de la \u00faltima vez que el Usuario visit\u00f3 nuestro Web, los contenidos que el Usuario escogi\u00f3 en su primera visita a nuestro Web, etc., con la finalidad de realizar estad\u00edsticas globales de acceso. El Usuario consiente el uso de estas cookies, que en ning\u00fan caso permitir\u00e1n su identificaci\u00f3n, con la exclusiva finalidad de facilitar su navegaci\u00f3n por las diferentes p\u00e1ginas del presente sitio Web. En cualquier caso, el Usuario podr\u00e1 denegar o impedir la instalaci\u00f3n de estas cookies modificando la configuraci\u00f3n de su navegador. Resoluci\u00f3n de conflictos Para cualquier controversia o conflicto suscitado en relaci\u00f3n con esta p\u00e1gina Web, ser\u00e1 de aplicaci\u00f3n la legislaci\u00f3n espa\u00f1ola, siendo competentes para la resoluci\u00f3n de todos los conflictos derivados o relacionados con ella, los Juzgados y Tribunales de \u00c1vila capital. Cl\u00e1usulas finales El acceso a las p\u00e1ginas Web de este sitio, implica la aceptaci\u00f3n de todas las condiciones expresadas en esta informaci\u00f3n legal. La EMPRESA podr\u00e1 modificar, sin previo aviso, la estructura y dise\u00f1o del Web, as\u00ed como cambiar o eliminar, los servicios, los contenidos y las condiciones de acceso de uso del Web y adaptar la Pol\u00edtica de Privacidad a los cambios legislativos que se produzcan.<\/li>\n<\/ul>\t\t\t\t\t\t\t\t<\/div>\n\t\t\t\t<\/div>\n\t\t\t\t\t<\/div>\n\t\t<\/div>\n\t\t\t\t\t<\/div>\n\t\t<\/section>\n\t\t\t\t<\/div>","protected":false},"excerpt":{"rendered":"<p>Pol\u00edtica de privacidad\/Protecci\u00f3n de datos responsable de tratamiento En cumplimiento de la normativa de aplicaci\u00f3n en materia de protecci\u00f3n de datos personales, la B\u00c9 GROUP SPAIN (en adelante, la EMPRESA o la Universidad) le informa de que los datos de car\u00e1cter personal proporcionados en los formularios de registro electr\u00f3nico contenidos en este sitio, as\u00ed como &#8230; <a title=\"politica-privacidad\" class=\"read-more\" href=\"http:\/\/beconsulting.es\/en\/politica-privacidad\/\" aria-label=\"Read more about politica-privacidad\">Read more<\/a><\/p>","protected":false},"author":4,"featured_media":0,"parent":0,"menu_order":0,"comment_status":"closed","ping_status":"closed","template":"","meta":{"footnotes":""},"class_list":["post-78","page","type-page","status-publish"],"_links":{"self":[{"href":"http:\/\/beconsulting.es\/en\/wp-json\/wp\/v2\/pages\/78","targetHints":{"allow":["GET"]}}],"collection":[{"href":"http:\/\/beconsulting.es\/en\/wp-json\/wp\/v2\/pages"}],"about":[{"href":"http:\/\/beconsulting.es\/en\/wp-json\/wp\/v2\/types\/page"}],"author":[{"embeddable":true,"href":"http:\/\/beconsulting.es\/en\/wp-json\/wp\/v2\/users\/4"}],"replies":[{"embeddable":true,"href":"http:\/\/beconsulting.es\/en\/wp-json\/wp\/v2\/comments?post=78"}],"version-history":[{"count":31,"href":"http:\/\/beconsulting.es\/en\/wp-json\/wp\/v2\/pages\/78\/revisions"}],"predecessor-version":[{"id":1455,"href":"http:\/\/beconsulting.es\/en\/wp-json\/wp\/v2\/pages\/78\/revisions\/1455"}],"wp:attachment":[{"href":"http:\/\/beconsulting.es\/en\/wp-json\/wp\/v2\/media?parent=78"}],"curies":[{"name":"wp","href":"https:\/\/api.w.org\/{rel}","templated":true}]}}