{"id":80,"date":"2023-02-12T12:53:51","date_gmt":"2023-02-12T12:53:51","guid":{"rendered":"http:\/\/beconsulting.es\/?page_id=80"},"modified":"2023-09-23T23:34:12","modified_gmt":"2023-09-23T23:34:12","slug":"aviso-legal","status":"publish","type":"page","link":"http:\/\/beconsulting.es\/en\/aviso-legal\/","title":{"rendered":"aviso-legal"},"content":{"rendered":"\t\t<div data-elementor-type=\"wp-page\" data-elementor-id=\"80\" class=\"elementor elementor-80\" data-elementor-post-type=\"page\">\n\t\t\t\t\t\t<section class=\"elementor-section elementor-top-section elementor-element elementor-element-26c7e18 elementor-section-stretched elementor-section-boxed elementor-section-height-default elementor-section-height-default\" data-id=\"26c7e18\" data-element_type=\"section\" data-e-type=\"section\" data-settings=\"{&quot;stretch_section&quot;:&quot;section-stretched&quot;}\">\n\t\t\t\t\t\t<div class=\"elementor-container elementor-column-gap-default\">\n\t\t\t\t\t<div class=\"elementor-column elementor-col-100 elementor-top-column elementor-element elementor-element-5c02d86\" data-id=\"5c02d86\" data-element_type=\"column\" data-e-type=\"column\">\n\t\t\t<div class=\"elementor-widget-wrap elementor-element-populated\">\n\t\t\t\t\t\t<div class=\"elementor-element elementor-element-308c089 elementor-widget elementor-widget-heading\" data-id=\"308c089\" data-element_type=\"widget\" data-e-type=\"widget\" data-widget_type=\"heading.default\">\n\t\t\t\t<div class=\"elementor-widget-container\">\n\t\t\t\t\t<h3 class=\"elementor-heading-title elementor-size-default\">Aviso legal<\/h3>\t\t\t\t<\/div>\n\t\t\t\t<\/div>\n\t\t\t\t\t<\/div>\n\t\t<\/div>\n\t\t\t\t\t<\/div>\n\t\t<\/section>\n\t\t\t\t<section class=\"elementor-section elementor-top-section elementor-element elementor-element-9b400be elementor-section-stretched elementor-section-boxed elementor-section-height-default elementor-section-height-default\" data-id=\"9b400be\" data-element_type=\"section\" data-e-type=\"section\" data-settings=\"{&quot;stretch_section&quot;:&quot;section-stretched&quot;}\">\n\t\t\t\t\t\t<div class=\"elementor-container elementor-column-gap-default\">\n\t\t\t\t\t<div class=\"elementor-column elementor-col-100 elementor-top-column elementor-element elementor-element-9ce9186\" data-id=\"9ce9186\" data-element_type=\"column\" data-e-type=\"column\">\n\t\t\t<div class=\"elementor-widget-wrap elementor-element-populated\">\n\t\t\t\t\t\t<div class=\"elementor-element elementor-element-aa10e32 elementor-widget elementor-widget-text-editor\" data-id=\"aa10e32\" data-element_type=\"widget\" data-e-type=\"widget\" data-widget_type=\"text-editor.default\">\n\t\t\t\t<div class=\"elementor-widget-container\">\n\t\t\t\t\t\t\t\t\t<p><em>La utilizaci\u00f3n de este web le atribuye a usted la condici\u00f3n de usuario e implica su aceptaci\u00f3n plena y sin reservas a todas y cada una de las disposiciones incluidas en este Aviso Legal, por lo que si usted no est\u00e1 de acuerdo con cualquiera de las condiciones aqu\u00ed establecidas, no deber\u00e1 usar\/acceder a este web.<\/em><\/p><p><em>\u00a0<\/em><\/p><p><strong><em>[1] CONDICIONES DE UTILIZACI\u00d3N DEL WEB<\/em><\/strong><\/p><p><em><br \/>[1.1] Los visitantes de este web tienen la consideraci\u00f3n de usuarios del mismo, quienes encontrar\u00e1n en \u00e9l informaci\u00f3n relacionada con el tipo de actividad, productos y servicios que realizamos.<\/em><\/p><p><em><br \/>[1.2] La informaci\u00f3n y los materiales incluidos en el web han sido obtenidos de fuentes consideradas como fiables. Sin embargo, a pesar de haber tomado precauciones y medias razonables para asegurar la fiabilidad de la informaci\u00f3n, no se garantiza que \u00e9sta sea exacta, completa, y\/o actualizada. Consecuentemente, declinamos cualquier responsabilidad por la omisi\u00f3n de informaci\u00f3n o por la publicaci\u00f3n de informaci\u00f3n err\u00f3nea aparecida en este web.<\/em><\/p><p><em><br \/>[1.3] La informaci\u00f3n exhibida y\/o facilitada por este web debe tener la consideraci\u00f3n, por parte del usuario, de informaci\u00f3n general, sin que ello signifique que pueda estimarse tal informaci\u00f3n como elemento determinante para la toma de decisiones por parte del usuario del web, por lo que declinamos toda responsabilidad derivada de la falta de verificaci\u00f3n de la misma, y de forma espec\u00edfica ha de entenderse que dicha informaci\u00f3n, sometida a la normativa vigente en Espa\u00f1a, no va destinada a aquellos usuarios que act\u00faen bajo otras jurisdicciones de Estados que exijan el cumplimiento de requisitos distintos para la puesta a disposici\u00f3n, divulgaci\u00f3n o publicidad de servicios relativos a las actividades y\/o servicios publicitados en este web.<\/em><\/p><p><em><br \/>[1.4] Como prestadores de servicios de la sociedad de la informaci\u00f3n, nos reservamos el derecho a actualizar, modificar o eliminar la informaci\u00f3n contenida en este web, pudiendo incluso limitar o no permitir el acceso a dicha informaci\u00f3n, sin previo aviso. Especialmente, queda reservado el derecho a eliminar, limitar o impedir el acceso al web cuando surjan dificultades t\u00e9cnicas por hechos o circunstancias ajenos a nosotros que, a nuestro criterio, disminuyan o anulen los niveles de seguridad est\u00e1ndar adoptados para el adecuado funcionamiento de este web.<\/em><\/p><p><em><br \/>[1.5] Como prestadores, podr\u00edamos en cualquier momento establecer procedimientos t\u00e9cnicos legales para obtener informaci\u00f3n an\u00f3nima acerca de sus visitantes, lo que significar\u00eda, en cualquier caso, que dicha informaci\u00f3n no podr\u00eda ser asociada en modo alguno a un usuario concreto e identificado. Este tipo de procedimientos conservan datos como el nombre de dominio del proveedor que da acceso a la red al usuario, la fecha y hora de acceso a nuestro web, la direcci\u00f3n de Internet desde la que parti\u00f3 el link o enlace que dirige a nuestro web, el n\u00famero de visitantes diarios de cada secci\u00f3n, y datos de naturaleza an\u00e1loga. El fin de los datos e informaci\u00f3n recogida es estad\u00edstico, de tal forma que nos permita adquirir un mayor conocimiento sobre la actividad de los visitantes del web, en aras de mejorar el mismo y\/o aumentar su presencia online.<\/em><\/p><p><em><br \/>[1.6] Los usuarios, en cualquier momento, podr\u00edan desactivar los procedimientos de obtenci\u00f3n de informaci\u00f3n aludidos en el punto expositivo anterior mediante la modificaci\u00f3n de los par\u00e1metros de configuraci\u00f3n de su navegador. No obstante lo anterior, la desactivaci\u00f3n a la que se alude aqu\u00ed no afecta o interfiere en la navegabilidad de los usuarios en nuestro web.<\/em><\/p><p><em><br \/>[1.7] El usuario nos autoriza expresa e inequ\u00edvocamente a obtener y tratar la informaci\u00f3n que se genere como consecuencia de la utilizaci\u00f3n de este web, con la \u00fanica finalidad de ofrecerle una navegaci\u00f3n m\u00e1s personalizada y eficiente.<\/em><\/p><p><em>\u00a0<\/em><\/p><p><strong><em>[2] RESPONSABILIDADES<\/em><\/strong><\/p><p><em><br \/>[2.1] Como prestadores, declinamos cualquier responsabilidad respecto a la informaci\u00f3n exhibida en este web, procedente de fuentes ajenas a nosotros, as\u00ed como de los contenidos que no hayamos elaborados.<\/em><\/p><p><em><br \/>[2.2] La funci\u00f3n de los enlaces (links) que aparecen en este web es \u00fanica y exclusivamente la de informar al usuario sobre la existencia de otras fuentes de informaci\u00f3n sobre la materia en Internet, donde podr\u00e1 ampliar los datos ofrecidos en este web. Por tanto, no seremos, en ning\u00fan caso, responsables del resultado obtenido del acceso a dichos enlaces o links.<\/em><\/p><p><em><br \/>[2.3] En ning\u00fan caso, seremos responsables de las p\u00e9rdidas, los da\u00f1os o los perjuicios de cualquier naturaleza que pudieran surgir por el acceso y\/o uso del este web, lo que incluye los producidos en sistemas inform\u00e1ticos o los provocados por virus o actividades il\u00edcitas de piratas inform\u00e1ticos (hackers). Asimismo, tampoco seremos responsables de los da\u00f1os que pudieran sufrir los usuarios por un uso inadecuado de este web y, en modo alguno, de las ca\u00eddas, interrupciones, ausencia o defecto en las telecomunicaciones.<\/em><\/p><p><em><br \/>[2.4] Como prestadores, no nos responsabilizamos en modo alguno de las posibles discrepancias que pudieran surgir entre la versi\u00f3n de sus documentos impresos y la versi\u00f3n electr\u00f3nica de los mismos publicados en sus p\u00e1ginas web u obtenidos electr\u00f3nicamente de este web.<\/em><\/p><p><em>\u00a0<\/em><\/p><p><strong><em>[3] POL\u00cdTICA DE PROTECCI\u00d3N DE DATOS PERSONALES (PRIVACIDAD)<\/em><\/strong><\/p><p><em>B\u00e9 group Spain garantiza la protecci\u00f3n y confidencialidad de los datos personales, de cualquier tipo que nos proporcionen nuestras empresas clientes de acuerdo con lo dispuesto en la Ley Org\u00e1nica 15\/1999, de 13 de Diciembre de Protecci\u00f3n de Datos de Car\u00e1cter Personal.<br \/>Todos los datos facilitados por nuestras empresas clientes a B\u00e9 group Spain o a su personal, ser\u00e1n incluidos en un fichero automatizado de datos de car\u00e1cter personal creado y mantenido bajo la responsabilidad de B\u00e9 group Spain, imprescindibles para prestar los servicios solicitados por los usuarios.<br \/>Los datos facilitados ser\u00e1n tratados seg\u00fan el Reglamento de Medidas de Seguridad (Real Decreto 1720\/2007 de 21 de Diciembre), en este sentido Gineline ha adoptado los niveles de protecci\u00f3n que legalmente se exigen, y ha instalado todas las medidas t\u00e9cnicas a su alcance para evitar la perdida, mal uso, alteraci\u00f3n, acceso no autorizado por terceros. No obstante, el usuario debe ser consciente de que las medidas de seguridad en Internet no son inexpugnables. En caso en que considere oportuno que se cedan sus datos de car\u00e1cter personal a otras entidades, el usuario ser\u00e1 informado de los datos cedidos, de la finalidad del fichero y del nombre y direcci\u00f3n del cesionario, para que de su consentimiento inequ\u00edvoco al respecto.<br \/>En cumplimiento de lo establecido en la RGPD, el usuario podr\u00e1 ejercer sus derechos de acceso, rectificaci\u00f3n, cancelaci\u00f3n y oposici\u00f3n. Para ello debe de contactar con nosotros en info@Begroupspain.com<\/em><\/p><p><em><strong>[3.1.]\u00a0 INFORMACI\u00d3N AL USUARIO<\/strong><\/em><\/p><p><em>B\u00e9 group Spain<\/em><em>, es el Responsable del tratamiento de los datos personales del Usuario y le informa que estos datos ser\u00e1n tratados de conformidad con lo dispuesto en el Reglamento (UE) 2016\/679 de 27 de abril de 2016 (RGPD) relativo a la protecci\u00f3n de las personas f\u00edsicas en lo que respecta al tratamiento de datos personales y a la libre circulaci\u00f3n de estos datos, y por la Ley Org\u00e1nica 3\/2018, de 5 de diciembre, de protecci\u00f3n de datos personales y garant\u00eda de los derechos digitales (LOPDGDD), por lo que se le facilita la siguiente informaci\u00f3n del tratamiento:<\/em><\/p><p><em>\u00a0<\/em><\/p><p><strong><em>Fin del tratamiento<\/em><\/strong><em>: mantener una relaci\u00f3n comercial con el Usuario. Las operaciones previstas para realizar el tratamiento son:<\/em><\/p><p><em>\u00a0<\/em><\/p><ol><li><em>Remisi\u00f3n de comunicaciones comerciales publicitarias por email, fax, SMS, MMS, comunidades sociales o cualquier otro medio electr\u00f3nico o f\u00edsico, presente o futuro, que posibilite realizar comunicaciones comerciales. Estas comunicaciones ser\u00e1n realizadas por el responsable del tratamiento y relacionadas sobre sus productos y servicios, o de sus colaboradores o proveedores con los que \u00e9ste haya alcanzado alg\u00fan acuerdo de promoci\u00f3n. En este caso, los terceros nunca tendr\u00e1n acceso a los datos personales.<\/em><\/li><li><em>Realizar estudios estad\u00edsticos.<\/em><\/li><li><em>Tramitar encargos, solicitudes o cualquier tipo de petici\u00f3n que sea realizada por el usuario a trav\u00e9s de cualquiera de las formas de contacto que se ponen a su disposici\u00f3n.<\/em><\/li><li><em>Remitir el bolet\u00edn de noticias de la p\u00e1gina web.<\/em><\/li><\/ol><p><em>\u00a0<\/em><\/p><p><strong><em>Criterios de conservaci\u00f3n de los datos<\/em><\/strong><em>: se conservar\u00e1n mientras exista un inter\u00e9s mutuo para mantener el fin del tratamiento y cuando ya no sea necesario para tal fin, se suprimir\u00e1n con medidas de seguridad adecuadas para garantizar la seudonimizaci\u00f3n de los datos o la destrucci\u00f3n total de los mismos.<\/em><\/p><p><em>\u00a0<\/em><\/p><p><strong><em>Comunicaci\u00f3n de los datos<\/em><\/strong><em>: No se comunicar\u00e1n los datos a terceros, salvo obligaci\u00f3n legal.<\/em><\/p><p><em>\u00a0<\/em><\/p><p><strong><em>Derechos que asisten al Usuario<\/em><\/strong><em>:<\/em><\/p><p><em>\u00a0<\/em><\/p><ol><li><em>Derecho a retirar el consentimiento en cualquier momento.<\/em><\/li><li><em>Derecho de acceso, rectificaci\u00f3n, portabilidad y supresi\u00f3n de sus datos y a la limitaci\u00f3n u oposici\u00f3n al su tratamiento.<\/em><\/li><li><em>Derecho a presentar una reclamaci\u00f3n ante la autoridad de control (aepd.es), si considera que el tratamiento no se ajusta a la normativa vigente.<\/em><\/li><\/ol><p><em>\u00a0<\/em><\/p><p><strong><em>Datos de contacto para ejercer sus derechos<\/em><\/strong><em>:<\/em><\/p><p><em>\u00a0<\/em><\/p><p><em><u>Direcci\u00f3n postal<\/u><\/em><em>:<\/em><\/p><ul><li><strong><em>B\u00e9 group Spain<\/em><\/strong><\/li><li><em>Mario Alam\u00e1n Berihuete<\/em><\/li><li><em>52977340Z<\/em><\/li><li><em>C\/Britania 13<\/em><\/li><li><em>Alicante 03540<\/em><\/li><li><em>Direcci\u00f3n electr\u00f3nica:\u00a0<a href=\"mailto:info@begroupspain.es\">info@begroupspain.es<\/a><\/em><em>\u00a0<\/em><\/li><\/ul><p><strong><em>[3.2.] CAR\u00c1CTER OBLIGATORIO O FACULTATIVO DE LA INFORMACI\u00d3N FACILITADA POR EL USUARIO<\/em><\/strong><\/p><p><em>\u00a0<\/em><\/p><p><em>Los Usuarios, mediante la marcaci\u00f3n de las casillas correspondientes y entrada de datos en los campos, marcados con un asterisco (*) en el formulario de contacto o presentados en formularios de descarga, aceptan expresamente y de forma libre e inequ\u00edvoca, que sus datos son necesarios para atender su petici\u00f3n, por parte del prestador, siendo voluntaria la inclusi\u00f3n de datos en los campos restantes. El Usuario garantiza que los datos personales facilitados al responsable del tratamiento son veraces y se hace responsable de comunicar cualquier modificaci\u00f3n de los mismos.<\/em><\/p><p><em>\u00a0<\/em><\/p><p><em>El responsable del tratamiento informa y garantiza expresamente a los usuarios que sus datos personales no ser\u00e1n cedidos en ning\u00fan caso a terceros, y que siempre que realizara alg\u00fan tipo de cesi\u00f3n de datos personales, se pedir\u00e1 previamente el consentimiento expreso, informado e inequ\u00edvoco por parte los Usuarios. Todos los datos solicitados a trav\u00e9s del sitio web son obligatorios, ya que son necesarios para la prestaci\u00f3n de un servicio \u00f3ptimo al Usuario. En caso de que no sean facilitados todos los datos, no se garantiza que la informaci\u00f3n y servicios facilitados sean completamente ajustados a sus necesidades.<\/em><\/p><p><em>\u00a0<\/em><\/p><p><strong><em>[3.3.] MEDIDAS DE SEGURIDAD<\/em><\/strong><\/p><p><em>\u00a0<\/em><\/p><p><em>Que, de conformidad con lo dispuesto en las normativas vigentes en protecci\u00f3n de datos personales, el responsable del tratamiento est\u00e1 cumpliendo con todas las disposiciones de las normativas del RGPD y la LOPDGDD para el tratamiento de los datos personales de su responsabilidad, y manifiestamente con los principios descritos en el art\u00edculo 5 del RGPD y del T\u00edtulo II de la LOPDGDD, por los cuales son tratados de manera l\u00edcita, leal y transparente en relaci\u00f3n con el interesado y adecuados, pertinentes y limitados a lo necesario en relaci\u00f3n con los fines para los que son tratados.<\/em><\/p><p><em>\u00a0<\/em><\/p><p><em>El responsable del tratamiento garantiza que ha implementado pol\u00edticas t\u00e9cnicas y organizativas apropiadas para aplicar las medidas de seguridad que establecen el RGPD con el fin de proteger los derechos y libertades de los Usuarios y les ha comunicado la informaci\u00f3n adecuada para que puedan ejercerlos.<\/em><\/p><p><strong><em>\u00a0<\/em><\/strong><\/p><p><strong><em>[4] PROPIEDAD INDUSTRIAL E INTELECTUAL<\/em><\/strong><\/p><p><em>\u00a0<\/em><\/p><p><em>[4.1] La totalidad de este web (textos, im\u00e1genes, marcas, logotipos, archivos de audio, archivos de software, combinaciones de colores, etc.), as\u00ed como la estructura de sus contenidos, se encuentran protegidos por la normativa de Propiedad Intelectual e Industrial, no pudiendo ser objeto de explotaci\u00f3n, reproducci\u00f3n, distribuci\u00f3n, modificaci\u00f3n, comunicaci\u00f3n p\u00fablica, cesi\u00f3n o transformaci\u00f3n o cualquier otra forma de difusi\u00f3n no autorizada expresamente por nosotros, como prestadores y titulares del los derechos intelectuales. Por tanto, el acceso a este web no otorga a los usuarios ning\u00fan derecho ni titularidad alguna sobre los derechos de propiedad intelectual y\/o industrial de los contenidos de este web.<\/em><\/p><p><em><br \/>[4.2] Como titulares de los derechos intelectuales de este web, nos reservamos la posibilidad de ejercer las acciones legales que correspondan contra los usuarios que violen o infrinjan los derechos de propiedad intelectual y\/o industrial.<\/em><\/p><p><em>\u00a0<\/em><\/p><p><strong><em>5] POL\u00cdTICA DE ENLACES<\/em><\/strong><\/p><p><em>\u00a0<\/em><\/p><p><em>Desde el sitio web, es posible que se redirija a contenidos de terceros sitios web. Dado que como responsables del website no podemos controlar siempre los contenidos introducidos por los terceros en sus respectivos sitios web, no se asume ning\u00fan tipo de responsabilidad respecto a dichos contenidos. En todo caso, proceder\u00e1 a la retirada inmediata de cualquier contenido que pudiera contravenir la legislaci\u00f3n nacional o internacional, la moral o el orden p\u00fablico, procediendo a la retirada inmediata de la redirecci\u00f3n a dicho sitio web, poniendo en conocimiento de las autoridades competentes el contenido en cuesti\u00f3n.<\/em><\/p><p><em>\u00a0<\/em><\/p><p><em>Como responsables del website, no nos hacemos responsables de la informaci\u00f3n y contenidos almacenados, a t\u00edtulo enunciativo pero no limitativo, en foros, chats, generadores de blogs, comentarios, redes sociales o cualquier otro medio que permita a terceros publicar contenidos de forma independiente en nuestra p\u00e1gina web. Sin embargo, y en cumplimiento de lo dispuesto en los art\u00edculos 11 y 16 de la LSSICE, se pone a disposici\u00f3n de todos los usuarios, autoridades y fuerzas de seguridad, colaborando de forma activa en la retirada o, en su caso, bloqueo de todos aquellos contenidos que puedan afectar o contravenir la legislaci\u00f3n nacional o internacional, los derechos de terceros o la moral y el orden p\u00fablico. En caso de que el usuario considere que existe en el sitio web alg\u00fan contenido que pudiera ser susceptible de esta clasificaci\u00f3n, se ruega lo notifique de forma inmediata al administrador del sitio web.<\/em><\/p><p><em>\u00a0<\/em><\/p><p><em>Este sitio web ha sido revisado y probado para que funcione correctamente. En principio, puede garantizarse el correcto funcionamiento los 365 d\u00edas del a\u00f1o, 24 horas al d\u00eda. Sin embargo, como responsables del website, no se descarta la posibilidad de que existan ciertos errores de programaci\u00f3n, o que acontezcan causas de fuerza mayor, cat\u00e1strofes naturales, huelgas o circunstancias semejantes que hagan imposible el acceso a la p\u00e1gina web.<\/em><\/p><p><em>\u00a0<\/em><\/p><p><strong><em>[6] DIRECCIONES IP<\/em><\/strong><\/p><p><em>\u00a0<\/em><\/p><p><em>Los servidores del sitio web podr\u00e1n detectar de manera autom\u00e1tica la direcci\u00f3n IP y el nombre de dominio utilizados por el usuario. Una direcci\u00f3n IP es un n\u00famero asignado autom\u00e1ticamente a un ordenador cuando \u00e9ste se conecta a Internet. Toda esta informaci\u00f3n es registrada en un fichero de actividad del servidor debidamente inscrito que permite el posterior procesamiento de los datos con el fin de obtener mediciones \u00fanicamente estad\u00edsticas que permitan conocer el n\u00famero de impresiones de p\u00e1ginas, el n\u00famero de visitas realizadas a los servidores web, el orden de visitas, el punto de acceso, etc.<\/em><\/p><p><em><br \/><strong>[7] LEGISLACI\u00d3N APLICABLE Y FUERO<\/strong><\/em><\/p><p><em><br \/>[7.1] Las presentes condiciones generales se regir\u00e1n por la legislaci\u00f3n espa\u00f1ola aludida anteriormente o por cualquier otra no expl\u00edcitamente indicada pero de aplicaci\u00f3n obligatoria.<\/em><\/p><p><em>\u00a0<\/em><\/p><p><em>[7.1] El usuario de este web renuncia expresamente al fuero que le corresponda, someti\u00e9ndose a los Juzgados y Tribunales de la Villa de Madrid.<\/em><\/p><p><em>\u00a0<\/em><\/p><p><strong><em>[8] DATOS DE IDENTIFICACI\u00d3N REGISTRAL<\/em><\/strong><\/p><p><em><br \/>[8.1] Los datos registrales del titular de este web son los siguientes:<\/em><\/p><p><em>\u00a0<\/em><\/p><ul><li><em>Nombre o raz\u00f3n social: Mario Alam\u00e1n Berihuete<\/em><\/li><li><em>C\u00f3digo de Identificaci\u00f3n Fiscal: 52977340Z<\/em><\/li><\/ul><p>\u00a0<\/p><p><em>[8.2] El domicilio del titular de este web, a los efectos de comunicaciones y ejercicio de derechos, es el siguiente:<\/em><\/p><p><em>\u00a0<\/em><\/p><ul><li><em>Mario Alam\u00e1n Berihuete<\/em><\/li><li><em>52977340Z<\/em><\/li><li><em>C\/Britania 13<\/em><\/li><li><em>Alicante 03540<\/em><\/li><\/ul><p><em>Direcci\u00f3n electr\u00f3nica:\u00a0<a href=\"mailto:info@begriupspain.es\">i<\/a>nfo@begroupspain.es<\/em><\/p>\t\t\t\t\t\t\t\t<\/div>\n\t\t\t\t<\/div>\n\t\t\t\t\t<\/div>\n\t\t<\/div>\n\t\t\t\t\t<\/div>\n\t\t<\/section>\n\t\t\t\t<\/div>\n\t\t","protected":false},"excerpt":{"rendered":"<p>Aviso legal La utilizaci\u00f3n de este web le atribuye a usted la condici\u00f3n de usuario e implica su aceptaci\u00f3n plena y sin reservas a todas y cada una de las disposiciones incluidas en este Aviso Legal, por lo que si usted no est\u00e1 de acuerdo con cualquiera de las condiciones aqu\u00ed establecidas, no deber\u00e1 usar\/acceder &#8230; <a title=\"aviso-legal\" class=\"read-more\" href=\"http:\/\/beconsulting.es\/en\/aviso-legal\/\" aria-label=\"Read more about aviso-legal\">Read more<\/a><\/p>","protected":false},"author":4,"featured_media":0,"parent":0,"menu_order":0,"comment_status":"closed","ping_status":"closed","template":"","meta":{"footnotes":""},"class_list":["post-80","page","type-page","status-publish"],"_links":{"self":[{"href":"http:\/\/beconsulting.es\/en\/wp-json\/wp\/v2\/pages\/80","targetHints":{"allow":["GET"]}}],"collection":[{"href":"http:\/\/beconsulting.es\/en\/wp-json\/wp\/v2\/pages"}],"about":[{"href":"http:\/\/beconsulting.es\/en\/wp-json\/wp\/v2\/types\/page"}],"author":[{"embeddable":true,"href":"http:\/\/beconsulting.es\/en\/wp-json\/wp\/v2\/users\/4"}],"replies":[{"embeddable":true,"href":"http:\/\/beconsulting.es\/en\/wp-json\/wp\/v2\/comments?post=80"}],"version-history":[{"count":61,"href":"http:\/\/beconsulting.es\/en\/wp-json\/wp\/v2\/pages\/80\/revisions"}],"predecessor-version":[{"id":1458,"href":"http:\/\/beconsulting.es\/en\/wp-json\/wp\/v2\/pages\/80\/revisions\/1458"}],"wp:attachment":[{"href":"http:\/\/beconsulting.es\/en\/wp-json\/wp\/v2\/media?parent=80"}],"curies":[{"name":"wp","href":"https:\/\/api.w.org\/{rel}","templated":true}]}}