{"id":416,"date":"2023-03-12T01:31:29","date_gmt":"2023-03-12T01:31:29","guid":{"rendered":"http:\/\/beconsulting.es\/?page_id=416"},"modified":"2023-10-19T07:30:01","modified_gmt":"2023-10-19T07:30:01","slug":"rgpd","status":"publish","type":"page","link":"https:\/\/beconsulting.es\/en\/rgpd\/","title":{"rendered":"rgpd"},"content":{"rendered":"<div data-elementor-type=\"wp-page\" data-elementor-id=\"416\" class=\"elementor elementor-416\" data-elementor-post-type=\"page\">\n\t\t\t\t\t\t<section class=\"elementor-section elementor-top-section elementor-element elementor-element-224cf73 elementor-section-full_width elementor-section-height-min-height elementor-section-stretched elementor-section-height-default elementor-section-items-middle\" data-id=\"224cf73\" data-element_type=\"section\" data-e-type=\"section\" data-settings=\"{&quot;stretch_section&quot;:&quot;section-stretched&quot;}\">\n\t\t\t\t\t\t<div class=\"elementor-container elementor-column-gap-default\">\n\t\t\t\t\t<div class=\"elementor-column elementor-col-100 elementor-top-column elementor-element elementor-element-cebedf1\" data-id=\"cebedf1\" data-element_type=\"column\" data-e-type=\"column\">\n\t\t\t<div class=\"elementor-widget-wrap elementor-element-populated\">\n\t\t\t\t\t\t\t<\/div>\n\t\t<\/div>\n\t\t\t\t\t<\/div>\n\t\t<\/section>\n\t\t\t\t<section class=\"elementor-section elementor-top-section elementor-element elementor-element-8b0d7b3 elementor-section-boxed elementor-section-height-default elementor-section-height-default\" data-id=\"8b0d7b3\" data-element_type=\"section\" data-e-type=\"section\" data-settings=\"{&quot;background_background&quot;:&quot;classic&quot;}\">\n\t\t\t\t\t\t<div class=\"elementor-container elementor-column-gap-default\">\n\t\t\t\t\t<div class=\"elementor-column elementor-col-33 elementor-top-column elementor-element elementor-element-8d7355f\" data-id=\"8d7355f\" data-element_type=\"column\" data-e-type=\"column\" data-settings=\"{&quot;background_background&quot;:&quot;classic&quot;}\">\n\t\t\t<div class=\"elementor-widget-wrap elementor-element-populated\">\n\t\t\t\t\t<div class=\"elementor-background-overlay\"><\/div>\n\t\t\t\t\t\t<div class=\"elementor-element elementor-element-85bb3cb elementor-widget elementor-widget-text-editor\" data-id=\"85bb3cb\" data-element_type=\"widget\" data-e-type=\"widget\" data-widget_type=\"text-editor.default\">\n\t\t\t\t<div class=\"elementor-widget-container\">\n\t\t\t\t\t\t\t\t\t<p>El cumplimiento del Reglamento General de Protecci\u00f3n de Datos (RGPD) es esencial en la era digital. En Be Group Spain, comprendemos la importancia de proteger la privacidad y los datos de nuestros clientes. Nuestros servicios inform\u00e1ticos se dise\u00f1an y ejecutan con estricto cumplimiento de las regulaciones de RGPD.<\/p><p>Nuestro equipo est\u00e1 altamente capacitado y comprometido con la seguridad de los datos. Implementamos medidas de seguridad de \u00faltima generaci\u00f3n, como cifrado, autenticaci\u00f3n y auditor\u00edas peri\u00f3dicas, para garantizar la confidencialidad, integridad y disponibilidad de la informaci\u00f3n.<\/p><p>Adem\u00e1s, ofrecemos soluciones de auditor\u00eda y cumplimiento de RGPD para ayudarte a mantener tu empresa alineada con las regulaciones. Nuestra tecnolog\u00eda avanzada facilita la gesti\u00f3n de los consentimientos de datos, la eliminaci\u00f3n de informaci\u00f3n personal y el monitoreo de la seguridad de los datos.<\/p><p>Conf\u00eda en Be Group Spain para proteger tus datos y cumplir con las regulaciones de RGPD mientras aprovechas al m\u00e1ximo las soluciones inform\u00e1ticas que ofrecemos. La seguridad de tus datos es nuestra prioridad en la era digital.<\/p>\t\t\t\t\t\t\t\t<\/div>\n\t\t\t\t<\/div>\n\t\t\t\t\t<\/div>\n\t\t<\/div>\n\t\t\t\t<div class=\"elementor-column elementor-col-33 elementor-top-column elementor-element elementor-element-aa7ad6f\" data-id=\"aa7ad6f\" data-element_type=\"column\" data-e-type=\"column\" data-settings=\"{&quot;background_background&quot;:&quot;classic&quot;}\">\n\t\t\t<div class=\"elementor-widget-wrap\">\n\t\t\t\t\t<div class=\"elementor-background-overlay\"><\/div>\n\t\t\t\t\t\t\t<\/div>\n\t\t<\/div>\n\t\t\t\t<div class=\"elementor-column elementor-col-33 elementor-top-column elementor-element elementor-element-a5ba411\" data-id=\"a5ba411\" data-element_type=\"column\" data-e-type=\"column\" data-settings=\"{&quot;background_background&quot;:&quot;classic&quot;}\">\n\t\t\t<div class=\"elementor-widget-wrap elementor-element-populated\">\n\t\t\t\t\t<div class=\"elementor-background-overlay\"><\/div>\n\t\t\t\t\t\t<div class=\"elementor-element elementor-element-02ae5c1 elementor-widget elementor-widget-image\" data-id=\"02ae5c1\" data-element_type=\"widget\" data-e-type=\"widget\" data-widget_type=\"image.default\">\n\t\t\t\t<div class=\"elementor-widget-container\">\n\t\t\t\t\t\t\t\t\t\t\t\t\t\t\t<img fetchpriority=\"high\" decoding=\"async\" width=\"700\" height=\"1000\" src=\"https:\/\/beconsulting.es\/wp-content\/uploads\/2023\/10\/Diseno-sin-titulo-1.png\" class=\"attachment-large size-large wp-image-2472\" alt=\"Diseno sin titulo 1\" srcset=\"https:\/\/beconsulting.es\/wp-content\/uploads\/2023\/10\/Diseno-sin-titulo-1.png 700w, https:\/\/beconsulting.es\/wp-content\/uploads\/2023\/10\/Diseno-sin-titulo-1-210x300.png 210w, https:\/\/beconsulting.es\/wp-content\/uploads\/2023\/10\/Diseno-sin-titulo-1-8x12.png 8w\" sizes=\"(max-width: 700px) 100vw, 700px\" \/>\t\t\t\t\t\t\t\t\t\t\t\t\t\t\t<\/div>\n\t\t\t\t<\/div>\n\t\t\t\t\t<\/div>\n\t\t<\/div>\n\t\t\t\t\t<\/div>\n\t\t<\/section>\n\t\t\t\t<\/div>","protected":false},"excerpt":{"rendered":"<p>El cumplimiento del Reglamento General de Protecci\u00f3n de Datos (RGPD) es esencial en la era digital. En Be Group Spain, comprendemos la importancia de proteger la privacidad y los datos de nuestros clientes. Nuestros servicios inform\u00e1ticos se dise\u00f1an y ejecutan con estricto cumplimiento de las regulaciones de RGPD. Nuestro equipo est\u00e1 altamente capacitado y comprometido &#8230; <a title=\"rgpd\" class=\"read-more\" href=\"https:\/\/beconsulting.es\/en\/rgpd\/\" aria-label=\"Read more about rgpd\">Read more<\/a><\/p>","protected":false},"author":4,"featured_media":0,"parent":0,"menu_order":0,"comment_status":"closed","ping_status":"closed","template":"","meta":{"footnotes":""},"class_list":["post-416","page","type-page","status-publish"],"_links":{"self":[{"href":"https:\/\/beconsulting.es\/en\/wp-json\/wp\/v2\/pages\/416","targetHints":{"allow":["GET"]}}],"collection":[{"href":"https:\/\/beconsulting.es\/en\/wp-json\/wp\/v2\/pages"}],"about":[{"href":"https:\/\/beconsulting.es\/en\/wp-json\/wp\/v2\/types\/page"}],"author":[{"embeddable":true,"href":"https:\/\/beconsulting.es\/en\/wp-json\/wp\/v2\/users\/4"}],"replies":[{"embeddable":true,"href":"https:\/\/beconsulting.es\/en\/wp-json\/wp\/v2\/comments?post=416"}],"version-history":[{"count":197,"href":"https:\/\/beconsulting.es\/en\/wp-json\/wp\/v2\/pages\/416\/revisions"}],"predecessor-version":[{"id":2475,"href":"https:\/\/beconsulting.es\/en\/wp-json\/wp\/v2\/pages\/416\/revisions\/2475"}],"wp:attachment":[{"href":"https:\/\/beconsulting.es\/en\/wp-json\/wp\/v2\/media?parent=416"}],"curies":[{"name":"wp","href":"https:\/\/api.w.org\/{rel}","templated":true}]}}