{"id":568,"date":"2023-03-27T01:08:58","date_gmt":"2023-03-27T01:08:58","guid":{"rendered":"http:\/\/beconsulting.es\/?page_id=568"},"modified":"2023-09-24T20:03:43","modified_gmt":"2023-09-24T20:03:43","slug":"sitemap","status":"publish","type":"page","link":"https:\/\/beconsulting.es\/en\/sitemap\/","title":{"rendered":"sitemap"},"content":{"rendered":"<div data-elementor-type=\"wp-page\" data-elementor-id=\"568\" class=\"elementor elementor-568\" data-elementor-post-type=\"page\">\n\t\t\t\t\t\t<section class=\"elementor-section elementor-top-section elementor-element elementor-element-4b9502c elementor-section-stretched elementor-section-boxed elementor-section-height-default elementor-section-height-default\" data-id=\"4b9502c\" data-element_type=\"section\" data-e-type=\"section\" data-settings=\"{&quot;stretch_section&quot;:&quot;section-stretched&quot;}\">\n\t\t\t\t\t\t<div class=\"elementor-container elementor-column-gap-default\">\n\t\t\t\t\t<div class=\"elementor-column elementor-col-100 elementor-top-column elementor-element elementor-element-ec9e36d\" data-id=\"ec9e36d\" data-element_type=\"column\" data-e-type=\"column\">\n\t\t\t<div class=\"elementor-widget-wrap elementor-element-populated\">\n\t\t\t\t\t\t<div class=\"elementor-element elementor-element-a533460 elementor-widget elementor-widget-heading\" data-id=\"a533460\" data-element_type=\"widget\" data-e-type=\"widget\" data-widget_type=\"heading.default\">\n\t\t\t\t<div class=\"elementor-widget-container\">\n\t\t\t\t\t<h3 class=\"elementor-heading-title elementor-size-default\">Sitemap<\/h3>\t\t\t\t<\/div>\n\t\t\t\t<\/div>\n\t\t\t\t\t<\/div>\n\t\t<\/div>\n\t\t\t\t\t<\/div>\n\t\t<\/section>\n\t\t\t\t<section class=\"elementor-section elementor-top-section elementor-element elementor-element-204910d elementor-section-stretched elementor-section-boxed elementor-section-height-default elementor-section-height-default\" data-id=\"204910d\" data-element_type=\"section\" data-e-type=\"section\" data-settings=\"{&quot;stretch_section&quot;:&quot;section-stretched&quot;}\">\n\t\t\t\t\t\t<div class=\"elementor-container elementor-column-gap-default\">\n\t\t\t\t\t<div class=\"elementor-column elementor-col-100 elementor-top-column elementor-element elementor-element-44f78b8\" data-id=\"44f78b8\" data-element_type=\"column\" data-e-type=\"column\">\n\t\t\t<div class=\"elementor-widget-wrap elementor-element-populated\">\n\t\t\t\t\t\t<div class=\"elementor-element elementor-element-abeb2f5 elementor-widget elementor-widget-text-editor\" data-id=\"abeb2f5\" data-element_type=\"widget\" data-e-type=\"widget\" data-widget_type=\"text-editor.default\">\n\t\t\t\t<div class=\"elementor-widget-container\">\n\t\t\t\t\t\t\t\t\tEsta p\u00e1gina contiene un mapa del sitio web <strong>beconsulting.es<\/strong> . El sitemap es una herramienta \u00fatil para navegar por la estructura y contenido del sitio. Un mapa permite a los motores de b\u00fasqueda indexar y comprender el contenido de un sitio web de manera eficiente. Los motores de b\u00fasqueda pueden identificar f\u00e1cilmente el contenido y su ubicaci\u00f3n, lo que ayuda a indexar el sitio de manera m\u00e1s r\u00e1pida y eficiente. Se permite encontrar r\u00e1pidamente un contenido dando una visi\u00f3n general del contenido disponible en el sitio, navegando f\u00e1cilmente por las diferentes secciones y p\u00e1ginas.\n\nContenido importante:\n<ul>\n \t<li><i>Servicios<\/i><\/li>\n \t<li><i>Empresa<\/i><\/li>\n \t<li><i>Contacto<\/i><\/li>\n \t<li><i>Proyectos<\/i><\/li>\n<\/ul>\n<div><\/div>\nEnlaces a las p\u00e1ginas principales del sitio web, como la p\u00e1gina de inicio, la p\u00e1gina de contacto y cualquier otra p\u00e1gina importante.\n<ul>\n \t<li><em><a href=\"http:\/\/beconsulting.es\/en\/politicas-cookies\/\">http:\/\/beconsulting.es\/politicas-cookies\/<\/a><\/em><\/li>\n \t<li><em><a href=\"http:\/\/beconsulting.es\/en\/politica-privacidad\/\">http:\/\/beconsulting.es\/politica-privacidad\/<\/a><\/em><\/li>\n \t<li><em><a href=\"http:\/\/beconsulting.es\/en\/empresa\/\"><i>http:\/\/beconsulting.es\/empresa<\/i><\/a><\/em><\/li>\n \t<li><em><a href=\"http:\/\/beconsulting.es\/en\/servicios\/\">http:\/\/beconsulting.es\/servicios\/<\/a><\/em><\/li>\n \t<li><em><a href=\"http:\/\/beconsulting.es\/en\/proyectos\/\">http:\/\/beconsulting.es\/proyectos\/<\/a><\/em><\/li>\n \t<li><em><a href=\"https:\/\/beconsulting.es\/en\/\">https:\/\/beconsulting.es\/inicio<\/a><\/em><\/li>\n \t<li><em><a href=\"http:\/\/beconsulting.es\/en\/contacto\/\"><em>http:\/\/beconsulting.es\/contacto\/<\/em><\/a><\/li>\n \t<li><a href=\"http:\/\/beconsulting.es\/en\/sitemap\/\"><em>http:\/\/beconsulting.es\/sitemap\/<\/em><\/a><\/li>\n \t<li><a href=\"http:\/\/beconsulting.es\/en\/aviso-legal\/\"><em>http:\/\/beconsulting.es\/aviso-legal\/<\/em><\/a><\/li>\n \t<li><a href=\"http:\/\/beconsulting.es\/en\/accesibilidad\/\"><em>http:\/\/beconsulting.es\/accesibilidad\/<\/em><\/a><\/li>\n<\/ul>\n<em>Esperamos que esta herramienta le haya sido \u00fatil para naveg<\/em>ar por nuestro sitio web. Si tiene alguna pregunta o comentario, no dude en ponerse en contacto con nosotros.\n\nEsta p\u00e1gina es una herramienta esencial para cualquier sitio web. Puede ayudar a mejorar la indexaci\u00f3n, optimizar el SEO, mejorar la experiencia del usuario y facilitar la identificaci\u00f3n de errores t\u00e9cnicos.\t\t\t\t\t\t\t\t<\/div>\n\t\t\t\t<\/div>\n\t\t\t\t\t<\/div>\n\t\t<\/div>\n\t\t\t\t\t<\/div>\n\t\t<\/section>\n\t\t\t\t<\/div>","protected":false},"excerpt":{"rendered":"<p>Sitemap Esta p\u00e1gina contiene un mapa del sitio web beconsulting.es . El sitemap es una herramienta \u00fatil para navegar por la estructura y contenido del sitio. Un mapa permite a los motores de b\u00fasqueda indexar y comprender el contenido de un sitio web de manera eficiente. Los motores de b\u00fasqueda pueden identificar f\u00e1cilmente el contenido &#8230; <a title=\"sitemap\" class=\"read-more\" href=\"https:\/\/beconsulting.es\/en\/sitemap\/\" aria-label=\"Read more about sitemap\">Read more<\/a><\/p>","protected":false},"author":4,"featured_media":0,"parent":0,"menu_order":0,"comment_status":"closed","ping_status":"closed","template":"","meta":{"footnotes":""},"class_list":["post-568","page","type-page","status-publish"],"_links":{"self":[{"href":"https:\/\/beconsulting.es\/en\/wp-json\/wp\/v2\/pages\/568","targetHints":{"allow":["GET"]}}],"collection":[{"href":"https:\/\/beconsulting.es\/en\/wp-json\/wp\/v2\/pages"}],"about":[{"href":"https:\/\/beconsulting.es\/en\/wp-json\/wp\/v2\/types\/page"}],"author":[{"embeddable":true,"href":"https:\/\/beconsulting.es\/en\/wp-json\/wp\/v2\/users\/4"}],"replies":[{"embeddable":true,"href":"https:\/\/beconsulting.es\/en\/wp-json\/wp\/v2\/comments?post=568"}],"version-history":[{"count":42,"href":"https:\/\/beconsulting.es\/en\/wp-json\/wp\/v2\/pages\/568\/revisions"}],"predecessor-version":[{"id":1848,"href":"https:\/\/beconsulting.es\/en\/wp-json\/wp\/v2\/pages\/568\/revisions\/1848"}],"wp:attachment":[{"href":"https:\/\/beconsulting.es\/en\/wp-json\/wp\/v2\/media?parent=568"}],"curies":[{"name":"wp","href":"https:\/\/api.w.org\/{rel}","templated":true}]}}